{"id":310,"date":"2020-04-16T14:33:44","date_gmt":"2020-04-16T14:33:44","guid":{"rendered":"https:\/\/startersites.io\/blocksy\/travel\/?page_id=6"},"modified":"2025-09-22T08:20:59","modified_gmt":"2025-09-22T08:20:59","slug":"home","status":"publish","type":"page","link":"https:\/\/nkjurovskidol.si\/","title":{"rendered":"DOMOV"},"content":{"rendered":"\t\t<div data-elementor-type=\"wp-page\" data-elementor-id=\"310\" class=\"elementor elementor-310\">\n\t\t\t\t\t\t<section class=\"elementor-section elementor-top-section elementor-element elementor-element-e9dccb9 ct-section-stretched elementor-section-boxed elementor-section-height-default elementor-section-height-default\" data-id=\"e9dccb9\" data-element_type=\"section\" data-settings=\"{&quot;background_background&quot;:&quot;classic&quot;,&quot;shape_divider_bottom&quot;:&quot;mountains&quot;}\">\n\t\t\t\t\t\t\t<div class=\"elementor-background-overlay\"><\/div>\n\t\t\t\t\t\t<div class=\"elementor-shape elementor-shape-bottom\" aria-hidden=\"true\" data-negative=\"false\">\n\t\t\t<svg xmlns=\"http:\/\/www.w3.org\/2000\/svg\" viewBox=\"0 0 1000 100\" preserveAspectRatio=\"none\">\n\t<path class=\"elementor-shape-fill\" opacity=\"0.33\" d=\"M473,67.3c-203.9,88.3-263.1-34-320.3,0C66,119.1,0,59.7,0,59.7V0h1000v59.7 c0,0-62.1,26.1-94.9,29.3c-32.8,3.3-62.8-12.3-75.8-22.1C806,49.6,745.3,8.7,694.9,4.7S492.4,59,473,67.3z\"\/>\n\t<path class=\"elementor-shape-fill\" opacity=\"0.66\" d=\"M734,67.3c-45.5,0-77.2-23.2-129.1-39.1c-28.6-8.7-150.3-10.1-254,39.1 s-91.7-34.4-149.2,0C115.7,118.3,0,39.8,0,39.8V0h1000v36.5c0,0-28.2-18.5-92.1-18.5C810.2,18.1,775.7,67.3,734,67.3z\"\/>\n\t<path class=\"elementor-shape-fill\" d=\"M766.1,28.9c-200-57.5-266,65.5-395.1,19.5C242,1.8,242,5.4,184.8,20.6C128,35.8,132.3,44.9,89.9,52.5C28.6,63.7,0,0,0,0 h1000c0,0-9.9,40.9-83.6,48.1S829.6,47,766.1,28.9z\"\/>\n<\/svg>\t\t<\/div>\n\t\t\t\t\t<div class=\"elementor-container elementor-column-gap-no\">\n\t\t\t\t\t<div class=\"elementor-column elementor-col-100 elementor-top-column elementor-element elementor-element-4c83c6c\" data-id=\"4c83c6c\" data-element_type=\"column\">\n\t\t\t<div class=\"elementor-widget-wrap elementor-element-populated\">\n\t\t\t\t\t\t<section class=\"elementor-section elementor-inner-section elementor-element elementor-element-c2498e9 elementor-section-boxed elementor-section-height-default elementor-section-height-default\" data-id=\"c2498e9\" data-element_type=\"section\">\n\t\t\t\t\t\t<div class=\"elementor-container elementor-column-gap-no\">\n\t\t\t\t\t<div class=\"elementor-column elementor-col-50 elementor-inner-column elementor-element elementor-element-9cd359e\" data-id=\"9cd359e\" data-element_type=\"column\">\n\t\t\t<div class=\"elementor-widget-wrap elementor-element-populated\">\n\t\t\t\t\t\t<div class=\"elementor-element elementor-element-4e3a25d elementor-widget elementor-widget-heading\" data-id=\"4e3a25d\" data-element_type=\"widget\" data-widget_type=\"heading.default\">\n\t\t\t\t\t<h2 class=\"elementor-heading-title elementor-size-default\">NK Jurovski Dol<\/h2>\t\t\t\t<\/div>\n\t\t\t\t<div class=\"elementor-element elementor-element-171e01b elementor-widget elementor-widget-text-editor\" data-id=\"171e01b\" data-element_type=\"widget\" data-widget_type=\"text-editor.default\">\n\t\t\t\t\t\t\t\t\t<p class=\"p1\">Pozdravljeni na spletni strani NK Jurovski Dol<\/p>\t\t\t\t\t\t\t\t<\/div>\n\t\t\t\t\t<\/div>\n\t\t<\/div>\n\t\t\t\t<div class=\"elementor-column elementor-col-50 elementor-inner-column elementor-element elementor-element-aedbcb3 elementor-hidden-tablet elementor-hidden-phone\" data-id=\"aedbcb3\" data-element_type=\"column\">\n\t\t\t<div class=\"elementor-widget-wrap\">\n\t\t\t\t\t\t\t<\/div>\n\t\t<\/div>\n\t\t\t\t\t<\/div>\n\t\t<\/section>\n\t\t\t\t<section class=\"elementor-section elementor-inner-section elementor-element elementor-element-a7fea3a elementor-hidden-phone elementor-section-boxed elementor-section-height-default elementor-section-height-default\" data-id=\"a7fea3a\" data-element_type=\"section\">\n\t\t\t\t\t\t<div class=\"elementor-container elementor-column-gap-wide\">\n\t\t\t\t\t<div class=\"elementor-column elementor-col-33 elementor-inner-column elementor-element elementor-element-1a1c99b\" data-id=\"1a1c99b\" data-element_type=\"column\">\n\t\t\t<div class=\"elementor-widget-wrap elementor-element-populated\">\n\t\t\t\t\t\t<div class=\"elementor-element elementor-element-7878394 elementor-widget elementor-widget-heading\" data-id=\"7878394\" data-element_type=\"widget\" data-widget_type=\"heading.default\">\n\t\t\t\t\t<h2 class=\"elementor-heading-title elementor-size-default\">01<\/h2>\t\t\t\t<\/div>\n\t\t\t\t<div class=\"elementor-element elementor-element-37410cc elementor-widget elementor-widget-heading\" data-id=\"37410cc\" data-element_type=\"widget\" data-widget_type=\"heading.default\">\n\t\t\t\t\t<h5 class=\"elementor-heading-title elementor-size-default\">Ima\u0161 rad nogomet<\/h5>\t\t\t\t<\/div>\n\t\t\t\t<div class=\"elementor-element elementor-element-e2dafe2 elementor-widget elementor-widget-text-editor\" data-id=\"e2dafe2\" data-element_type=\"widget\" data-widget_type=\"text-editor.default\">\n\t\t\t\t\t\t\t\t\t<p>***<\/p>\t\t\t\t\t\t\t\t<\/div>\n\t\t\t\t\t<\/div>\n\t\t<\/div>\n\t\t\t\t<div class=\"elementor-column elementor-col-33 elementor-inner-column elementor-element elementor-element-bd8b96d\" data-id=\"bd8b96d\" data-element_type=\"column\">\n\t\t\t<div class=\"elementor-widget-wrap elementor-element-populated\">\n\t\t\t\t\t\t<div class=\"elementor-element elementor-element-eb1daac elementor-widget elementor-widget-heading\" data-id=\"eb1daac\" data-element_type=\"widget\" data-widget_type=\"heading.default\">\n\t\t\t\t\t<h2 class=\"elementor-heading-title elementor-size-default\">02<\/h2>\t\t\t\t<\/div>\n\t\t\t\t<div class=\"elementor-element elementor-element-2d7b637 elementor-widget elementor-widget-heading\" data-id=\"2d7b637\" data-element_type=\"widget\" data-widget_type=\"heading.default\">\n\t\t\t\t\t<h5 class=\"elementor-heading-title elementor-size-default\">Si rad v dru\u017ebi<\/h5>\t\t\t\t<\/div>\n\t\t\t\t<div class=\"elementor-element elementor-element-52c7fc1 elementor-widget elementor-widget-text-editor\" data-id=\"52c7fc1\" data-element_type=\"widget\" data-widget_type=\"text-editor.default\">\n\t\t\t\t\t\t\t\t\t<p>***<\/p>\t\t\t\t\t\t\t\t<\/div>\n\t\t\t\t\t<\/div>\n\t\t<\/div>\n\t\t\t\t<div class=\"elementor-column elementor-col-33 elementor-inner-column elementor-element elementor-element-8ca6135\" data-id=\"8ca6135\" data-element_type=\"column\">\n\t\t\t<div class=\"elementor-widget-wrap elementor-element-populated\">\n\t\t\t\t\t\t<div class=\"elementor-element elementor-element-800b60f elementor-widget elementor-widget-heading\" data-id=\"800b60f\" data-element_type=\"widget\" data-widget_type=\"heading.default\">\n\t\t\t\t\t<h2 class=\"elementor-heading-title elementor-size-default\">03<\/h2>\t\t\t\t<\/div>\n\t\t\t\t<div class=\"elementor-element elementor-element-acd4bae elementor-widget elementor-widget-heading\" data-id=\"acd4bae\" data-element_type=\"widget\" data-widget_type=\"heading.default\">\n\t\t\t\t\t<h5 class=\"elementor-heading-title elementor-size-default\">***<\/h5>\t\t\t\t<\/div>\n\t\t\t\t<div class=\"elementor-element elementor-element-ae0bcea elementor-widget elementor-widget-text-editor\" data-id=\"ae0bcea\" data-element_type=\"widget\" data-widget_type=\"text-editor.default\">\n\t\t\t\t\t\t\t\t\t<p>***<\/p>\t\t\t\t\t\t\t\t<\/div>\n\t\t\t\t\t<\/div>\n\t\t<\/div>\n\t\t\t\t\t<\/div>\n\t\t<\/section>\n\t\t\t\t\t<\/div>\n\t\t<\/div>\n\t\t\t\t\t<\/div>\n\t\t<\/section>\n\t\t<div class=\"elementor-element elementor-element-e531e56 e-flex e-con-boxed e-con e-parent\" data-id=\"e531e56\" data-element_type=\"container\">\n\t\t\t\t\t<div class=\"e-con-inner\">\n\t\t\t\t<div class=\"elementor-element elementor-element-e7e0cb4 elementor-grid-eael-col-5 elementor-grid-tablet-eael-col-2 elementor-grid-mobile-eael-col-1 elementor-widget elementor-widget-eael-post-grid\" data-id=\"e7e0cb4\" data-element_type=\"widget\" data-settings=\"{&quot;eael_post_grid_columns&quot;:&quot;eael-col-5&quot;,&quot;eael_post_grid_columns_tablet&quot;:&quot;eael-col-2&quot;,&quot;eael_post_grid_columns_mobile&quot;:&quot;eael-col-1&quot;}\" data-widget_type=\"eael-post-grid.default\">\n\t\t\t\t\t<div id=\"eael-post-grid-e7e0cb4\" class=\"eael-post-grid-container\">\n            <div class=\"eael-post-grid eael-post-appender eael-post-appender-e7e0cb4 eael-post-grid-style-two\" data-layout-mode=\"masonry\"><article class=\"eael-grid-post eael-post-grid-column\" data-id=\"1577\">\n    <div class=\"eael-grid-post-holder\">\n        <div class=\"eael-grid-post-holder-inner\"><div class=\"eael-entry-media\"><div class=\"eael-entry-overlay fade-in\"><i class=\"fas fa-long-arrow-alt-right\" aria-hidden=\"true\"><\/i><a href=\"https:\/\/nkjurovskidol.si\/?p=1577\"><\/a><\/div><div class=\"eael-entry-thumbnail \">\n                            <img fetchpriority=\"high\" decoding=\"async\" width=\"240\" height=\"300\" src=\"https:\/\/nkjurovskidol.si\/wp-content\/uploads\/2026\/04\/IMG_4760-240x300.jpeg\" class=\"attachment-medium size-medium wp-image-1578\" alt=\"\" srcset=\"https:\/\/nkjurovskidol.si\/wp-content\/uploads\/2026\/04\/IMG_4760-240x300.jpeg 240w, https:\/\/nkjurovskidol.si\/wp-content\/uploads\/2026\/04\/IMG_4760-819x1024.jpeg 819w, https:\/\/nkjurovskidol.si\/wp-content\/uploads\/2026\/04\/IMG_4760-768x960.jpeg 768w, https:\/\/nkjurovskidol.si\/wp-content\/uploads\/2026\/04\/IMG_4760-1228x1536.jpeg 1228w, https:\/\/nkjurovskidol.si\/wp-content\/uploads\/2026\/04\/IMG_4760.jpeg 1350w\" sizes=\"(max-width: 240px) 100vw, 240px\" \/>\n                            <\/div>\n                    <\/div><div class=\"eael-entry-wrapper\"><header class=\"eael-entry-header\"><h2 class=\"eael-entry-title\"><a class=\"eael-grid-post-link\" href=\"https:\/\/nkjurovskidol.si\/?p=1577\" title=\"Zmaga \u010dlanov\">Zmaga \u010dlanov<\/a><\/h2><\/header><div class=\"eael-entry-content\">\n                                <div class=\"eael-grid-post-excerpt\"><a href=\"https:\/\/nkjurovskidol.si\/?p=1577\" class=\"eael-post-elements-readmore-btn\">Preberi ve\u010d<\/a><\/div>\n                            <\/div><div class=\"eael-entry-header-after style-two\"><div class=\"eael-entry-meta\"><span class=\"eael-meta-posted-on\"><i class=\"far fa-clock\"><\/i><time datetime=\"April 18, 2026\">April 18, 2026<\/time><\/span><\/div><\/div><\/div><\/div>\n    <\/div>\n<\/article><article class=\"eael-grid-post eael-post-grid-column\" data-id=\"1574\">\n    <div class=\"eael-grid-post-holder\">\n        <div class=\"eael-grid-post-holder-inner\"><div class=\"eael-entry-media\"><div class=\"eael-entry-overlay fade-in\"><i class=\"fas fa-long-arrow-alt-right\" aria-hidden=\"true\"><\/i><a href=\"https:\/\/nkjurovskidol.si\/?p=1574\"><\/a><\/div><div class=\"eael-entry-thumbnail \">\n                            <img decoding=\"async\" width=\"240\" height=\"300\" src=\"https:\/\/nkjurovskidol.si\/wp-content\/uploads\/2026\/04\/IMG_4759-240x300.jpeg\" class=\"attachment-medium size-medium wp-image-1575\" alt=\"\" srcset=\"https:\/\/nkjurovskidol.si\/wp-content\/uploads\/2026\/04\/IMG_4759-240x300.jpeg 240w, https:\/\/nkjurovskidol.si\/wp-content\/uploads\/2026\/04\/IMG_4759-819x1024.jpeg 819w, https:\/\/nkjurovskidol.si\/wp-content\/uploads\/2026\/04\/IMG_4759-768x960.jpeg 768w, https:\/\/nkjurovskidol.si\/wp-content\/uploads\/2026\/04\/IMG_4759-1228x1536.jpeg 1228w, https:\/\/nkjurovskidol.si\/wp-content\/uploads\/2026\/04\/IMG_4759.jpeg 1350w\" sizes=\"(max-width: 240px) 100vw, 240px\" \/>\n                            <\/div>\n                    <\/div><div class=\"eael-entry-wrapper\"><header class=\"eael-entry-header\"><h2 class=\"eael-entry-title\"><a class=\"eael-grid-post-link\" href=\"https:\/\/nkjurovskidol.si\/?p=1574\" title=\"Zmaga veteranov\">Zmaga veteranov<\/a><\/h2><\/header><div class=\"eael-entry-content\">\n                                <div class=\"eael-grid-post-excerpt\"><a href=\"https:\/\/nkjurovskidol.si\/?p=1574\" class=\"eael-post-elements-readmore-btn\">Preberi ve\u010d<\/a><\/div>\n                            <\/div><div class=\"eael-entry-header-after style-two\"><div class=\"eael-entry-meta\"><span class=\"eael-meta-posted-on\"><i class=\"far fa-clock\"><\/i><time datetime=\"April 18, 2026\">April 18, 2026<\/time><\/span><\/div><\/div><\/div><\/div>\n    <\/div>\n<\/article><article class=\"eael-grid-post eael-post-grid-column\" data-id=\"1571\">\n    <div class=\"eael-grid-post-holder\">\n        <div class=\"eael-grid-post-holder-inner\"><div class=\"eael-entry-media\"><div class=\"eael-entry-overlay fade-in\"><i class=\"fas fa-long-arrow-alt-right\" aria-hidden=\"true\"><\/i><a href=\"https:\/\/nkjurovskidol.si\/?p=1571\"><\/a><\/div><div class=\"eael-entry-thumbnail \">\n                            <img decoding=\"async\" width=\"300\" height=\"225\" src=\"https:\/\/nkjurovskidol.si\/wp-content\/uploads\/2026\/04\/att.Ss5Vea5ULZhqVw3Ph5x9ImF_9T8JWQqxVapi8bPolYI-300x225.jpeg\" class=\"attachment-medium size-medium wp-image-1572\" alt=\"\" srcset=\"https:\/\/nkjurovskidol.si\/wp-content\/uploads\/2026\/04\/att.Ss5Vea5ULZhqVw3Ph5x9ImF_9T8JWQqxVapi8bPolYI-300x225.jpeg 300w, https:\/\/nkjurovskidol.si\/wp-content\/uploads\/2026\/04\/att.Ss5Vea5ULZhqVw3Ph5x9ImF_9T8JWQqxVapi8bPolYI-1024x768.jpeg 1024w, https:\/\/nkjurovskidol.si\/wp-content\/uploads\/2026\/04\/att.Ss5Vea5ULZhqVw3Ph5x9ImF_9T8JWQqxVapi8bPolYI-768x576.jpeg 768w, https:\/\/nkjurovskidol.si\/wp-content\/uploads\/2026\/04\/att.Ss5Vea5ULZhqVw3Ph5x9ImF_9T8JWQqxVapi8bPolYI-1536x1152.jpeg 1536w, https:\/\/nkjurovskidol.si\/wp-content\/uploads\/2026\/04\/att.Ss5Vea5ULZhqVw3Ph5x9ImF_9T8JWQqxVapi8bPolYI.jpeg 1600w\" sizes=\"(max-width: 300px) 100vw, 300px\" \/>\n                            <\/div>\n                    <\/div><div class=\"eael-entry-wrapper\"><header class=\"eael-entry-header\"><h2 class=\"eael-entry-title\"><a class=\"eael-grid-post-link\" href=\"https:\/\/nkjurovskidol.si\/?p=1571\" title=\"Selekcija U-9\">Selekcija U-9<\/a><\/h2><\/header><div class=\"eael-entry-content\">\n                                <div class=\"eael-grid-post-excerpt\"><a href=\"https:\/\/nkjurovskidol.si\/?p=1571\" class=\"eael-post-elements-readmore-btn\">Preberi ve\u010d<\/a><\/div>\n                            <\/div><div class=\"eael-entry-header-after style-two\"><div class=\"eael-entry-meta\"><span class=\"eael-meta-posted-on\"><i class=\"far fa-clock\"><\/i><time datetime=\"April 17, 2026\">April 17, 2026<\/time><\/span><\/div><\/div><\/div><\/div>\n    <\/div>\n<\/article><article class=\"eael-grid-post eael-post-grid-column\" data-id=\"1568\">\n    <div class=\"eael-grid-post-holder\">\n        <div class=\"eael-grid-post-holder-inner\"><div class=\"eael-entry-media\"><div class=\"eael-entry-overlay fade-in\"><i class=\"fas fa-long-arrow-alt-right\" aria-hidden=\"true\"><\/i><a href=\"https:\/\/nkjurovskidol.si\/?p=1568\"><\/a><\/div><div class=\"eael-entry-thumbnail \">\n                            <img loading=\"lazy\" decoding=\"async\" width=\"300\" height=\"225\" src=\"https:\/\/nkjurovskidol.si\/wp-content\/uploads\/2026\/04\/att.1g71XlkjFxYD8yJZl1nmA71qhdrFbtq56qlb_r-KUHo-300x225.jpeg\" class=\"attachment-medium size-medium wp-image-1569\" alt=\"\" srcset=\"https:\/\/nkjurovskidol.si\/wp-content\/uploads\/2026\/04\/att.1g71XlkjFxYD8yJZl1nmA71qhdrFbtq56qlb_r-KUHo-300x225.jpeg 300w, https:\/\/nkjurovskidol.si\/wp-content\/uploads\/2026\/04\/att.1g71XlkjFxYD8yJZl1nmA71qhdrFbtq56qlb_r-KUHo-1024x768.jpeg 1024w, https:\/\/nkjurovskidol.si\/wp-content\/uploads\/2026\/04\/att.1g71XlkjFxYD8yJZl1nmA71qhdrFbtq56qlb_r-KUHo-768x576.jpeg 768w, https:\/\/nkjurovskidol.si\/wp-content\/uploads\/2026\/04\/att.1g71XlkjFxYD8yJZl1nmA71qhdrFbtq56qlb_r-KUHo-1536x1152.jpeg 1536w, https:\/\/nkjurovskidol.si\/wp-content\/uploads\/2026\/04\/att.1g71XlkjFxYD8yJZl1nmA71qhdrFbtq56qlb_r-KUHo.jpeg 2048w\" sizes=\"(max-width: 300px) 100vw, 300px\" \/>\n                            <\/div>\n                    <\/div><div class=\"eael-entry-wrapper\"><header class=\"eael-entry-header\"><h2 class=\"eael-entry-title\"><a class=\"eael-grid-post-link\" href=\"https:\/\/nkjurovskidol.si\/?p=1568\" title=\"Selekcija U-7\">Selekcija U-7<\/a><\/h2><\/header><div class=\"eael-entry-content\">\n                                <div class=\"eael-grid-post-excerpt\"><a href=\"https:\/\/nkjurovskidol.si\/?p=1568\" class=\"eael-post-elements-readmore-btn\">Preberi ve\u010d<\/a><\/div>\n                            <\/div><div class=\"eael-entry-header-after style-two\"><div class=\"eael-entry-meta\"><span class=\"eael-meta-posted-on\"><i class=\"far fa-clock\"><\/i><time datetime=\"April 17, 2026\">April 17, 2026<\/time><\/span><\/div><\/div><\/div><\/div>\n    <\/div>\n<\/article><\/div>\n            <div class=\"clearfix\"><\/div>\n        <\/div>            <div class=\"eael-load-more-button-wrap eael-force-hide\">\n                <button class=\"eael-load-more-button\" id=\"eael-load-more-btn-e7e0cb4\" data-widget-id=\"e7e0cb4\" data-widget=\"e7e0cb4\" data-page-id=\"310\" data-template=\"{&quot;dir&quot;:&quot;lite&quot;,&quot;file_name&quot;:&quot;two.php&quot;,&quot;name&quot;:&quot;Post-Grid&quot;}\" data-class=\"Essential_Addons_Elementor\\Elements\\Post_Grid\" data-layout=\"masonry\" data-page=\"1\" data-args=\"orderby=date&amp;order=desc&amp;ignore_sticky_posts=1&amp;post_status=publish&amp;posts_per_page=4&amp;offset=0&amp;post_type=post\" data-max-page=\"16\">\n                    <span class=\"eael-btn-loader button__loader\"><\/span>\n                    <span class=\"eael_load_more_text\">Load More<\/span>\n                <\/button>\n            <\/div>\n            \t\t\t\t<\/div>\n\t\t\t\t\t<\/div>\n\t\t\t\t<\/div>\n\t\t<div class=\"elementor-element elementor-element-2002f45 e-flex e-con-boxed e-con e-parent\" data-id=\"2002f45\" data-element_type=\"container\">\n\t\t\t\t\t<div class=\"e-con-inner\">\n\t\t\t\t<div class=\"elementor-element elementor-element-c8905b0 elementor-widget elementor-widget-heading\" data-id=\"c8905b0\" data-element_type=\"widget\" data-widget_type=\"heading.default\">\n\t\t\t\t\t<h2 class=\"elementor-heading-title elementor-size-default\">Sponzorji<\/h2>\t\t\t\t<\/div>\n\t\t\t\t\t<\/div>\n\t\t\t\t<\/div>\n\t\t<div class=\"elementor-element elementor-element-1517c3e e-flex e-con-boxed e-con e-parent\" data-id=\"1517c3e\" data-element_type=\"container\">\n\t\t\t\t\t<div class=\"e-con-inner\">\n\t\t\t\t<div class=\"elementor-element elementor-element-6652ca3 elementor-widget elementor-widget-image\" data-id=\"6652ca3\" data-element_type=\"widget\" data-widget_type=\"image.default\">\n\t\t\t\t\t\t\t\t\t\t\t\t\t\t\t\t<a href=\"https:\/\/nkjurovskidol.si\/wp-content\/uploads\/2025\/09\/Sponzorji_donatorji.jpg\" data-elementor-open-lightbox=\"yes\" data-elementor-lightbox-title=\"Sponzorji_donatorji\" data-e-action-hash=\"#elementor-action%3Aaction%3Dlightbox%26settings%3DeyJpZCI6NjYwLCJ1cmwiOiJodHRwczpcL1wvbmtqdXJvdnNraWRvbC5zaVwvd3AtY29udGVudFwvdXBsb2Fkc1wvMjAyNVwvMDlcL1Nwb256b3JqaV9kb25hdG9yamkuanBnIn0%3D\">\n\t\t\t\t\t\t\t<img loading=\"lazy\" decoding=\"async\" width=\"768\" height=\"578\" src=\"https:\/\/nkjurovskidol.si\/wp-content\/uploads\/2025\/09\/Sponzorji_donatorji-768x578.jpg\" class=\"attachment-medium_large size-medium_large wp-image-660\" alt=\"\" srcset=\"https:\/\/nkjurovskidol.si\/wp-content\/uploads\/2025\/09\/Sponzorji_donatorji-768x578.jpg 768w, https:\/\/nkjurovskidol.si\/wp-content\/uploads\/2025\/09\/Sponzorji_donatorji-300x226.jpg 300w, https:\/\/nkjurovskidol.si\/wp-content\/uploads\/2025\/09\/Sponzorji_donatorji-1024x770.jpg 1024w, https:\/\/nkjurovskidol.si\/wp-content\/uploads\/2025\/09\/Sponzorji_donatorji.jpg 1240w\" sizes=\"(max-width: 768px) 100vw, 768px\" \/>\t\t\t\t\t\t\t\t<\/a>\n\t\t\t\t\t\t\t\t\t\t\t\t\t\t\t<\/div>\n\t\t\t\t\t<\/div>\n\t\t\t\t<\/div>\n\t\t<div class=\"elementor-element elementor-element-f4f0892 e-flex e-con-boxed e-con e-parent\" data-id=\"f4f0892\" data-element_type=\"container\">\n\t\t\t\t\t<div class=\"e-con-inner\">\n\t\t\t\t\t<\/div>\n\t\t\t\t<\/div>\n\t\t<div class=\"elementor-element elementor-element-e7e75f2 e-flex e-con-boxed e-con e-parent\" data-id=\"e7e75f2\" data-element_type=\"container\">\n\t\t\t\t\t<div class=\"e-con-inner\">\n\t\t\t\t\t<\/div>\n\t\t\t\t<\/div>\n\t\t\t\t<\/div>\n\t\t","protected":false},"excerpt":{"rendered":"<p>NK Jurovski Dol Pozdravljeni na spletni strani NK Jurovski Dol 01 Ima\u0161 rad nogomet *** 02 Si rad v dru\u017ebi *** 03 *** *** NK Jurovski Dol : NK Male\u010dnik Preberi ve\u010d September 21, 2025 NK Jurovski Dol : NK Male\u010dnik Preberi ve\u010d September 19, 2025 Velika nagradna igra Preberi ve\u010d September 18, 2025 Karte [&hellip;]<\/p>\n","protected":false},"author":1,"featured_media":0,"parent":0,"menu_order":0,"comment_status":"closed","ping_status":"closed","template":"","meta":{"footnotes":""},"class_list":["post-310","page","type-page","status-publish","hentry"],"blocksy_meta":{"page_title_panel":"","has_hero_section":"disabled","35e6f2412545c3eb702a5bd5d0c6a33e":"","hero_section":"type-1","hero_alignment1":"left","hero_alignment2":"center","hero_height":"230px","page_title_bg_type":"color","custom_hero_background":{"attachment_id":null},"parallax":{"desktop":false,"tablet":false,"mobile":false},"5f1f98d837cf8f60d5fdf500be94ceac":"","single_meta_elements":{"author":false,"date":false,"categories":false,"comments":false,"updated":false,"tags":false},"has_meta_label":"yes","has_meta_avatar":"yes","date_format_source":"custom","single_meta_date_format":"M j, Y","f71e74bd0d2c67289f6e398150300ff4":"","page_excerpt_visibility":{"desktop":true,"tablet":true,"mobile":false},"pageTitleFont":{"family":"Default","variation":"Default","size":{"desktop":"32px","tablet":"30px","mobile":"25px"},"line-height":"1.3","letter-spacing":"CT_CSS_SKIP_RULE","text-transform":"CT_CSS_SKIP_RULE","text-decoration":"CT_CSS_SKIP_RULE"},"pageTitleFontColor":{"default":{"color":"CT_CSS_SKIP_RULEDEFAULT"}},"pageMetaFont":{"family":"Default","variation":"n6","size":{"desktop":"12px","tablet":"12px","mobile":"12px"},"line-height":"1.3","letter-spacing":"CT_CSS_SKIP_RULE","text-transform":"uppercase","text-decoration":"CT_CSS_SKIP_RULE"},"pageMetaFontColor":{"default":{"color":"CT_CSS_SKIP_RULEDEFAULT"},"hover":{"color":"CT_CSS_SKIP_RULEDEFAULT"}},"pageExcerptFont":{"family":"Default","variation":"n5","size":"CT_CSS_SKIP_RULE","line-height":"CT_CSS_SKIP_RULE","letter-spacing":"CT_CSS_SKIP_RULE","text-transform":"CT_CSS_SKIP_RULE","text-decoration":"CT_CSS_SKIP_RULE"},"pageExcerptColor":{"default":{"color":"CT_CSS_SKIP_RULEDEFAULT"}},"pageTitleOverlay":{"default":{"color":"rgba(41, 51, 60, 0.2)"}},"pageTitleBackground":{"background_type":"color","background_pattern":"type-1","background_image":{"attachment_id":null,"x":0,"y":0},"background_repeat":"no-repeat","background_size":"auto","background_attachment":"scroll","patternColor":{"default":{"color":"#e5e7ea"}},"backgroundColor":{"default":{"color":"#EDEFF2"}}},"cbdab79c9217b659b9471d888bbe30f2":"","page_structure_type":"default","page_enable_vertical_spacing":"no","ebf5b738a2fbd746a5aa9393c0f67f75":"","disable_featured_image":"no","b2c79b183eedb7a267e21204ec6c539d":"","hero_elements":[{"id":"custom_title","enabled":true,"heading_tag":"h1","title":"Home"},{"id":"custom_description","enabled":true,"description_visibility":{"desktop":true,"tablet":true,"mobile":false}},{"id":"custom_meta","enabled":false,"meta_elements":[{"id":"author","enabled":true,"label":"By","has_author_avatar":"yes","avatar_size":25},{"id":"post_date","enabled":true,"label":"On","date_format_source":"default","date_format":"M j, Y"},{"id":"comments","enabled":true}],"page_meta_elements":{"joined":true,"articles_count":true,"comments":true}},{"id":"breadcrumbs","enabled":false}],"6b0898fc860167c0c139a3328e4d4a60":"","hero_structure":"narrow","breadcrumbsFont":{"family":"Default","variation":"n6","size":"12px","line-height":"CT_CSS_SKIP_RULE","letter-spacing":"CT_CSS_SKIP_RULE","text-transform":"uppercase","text-decoration":"CT_CSS_SKIP_RULE"},"breadcrumbsFontColor":{"default":{"color":"CT_CSS_SKIP_RULEDEFAULT"},"initial":{"color":"CT_CSS_SKIP_RULEDEFAULT"},"hover":{"color":"CT_CSS_SKIP_RULEDEFAULT"}},"9731199850d624cf2ccc2131bc29d170":"","content_style":"inherit","vertical_spacing_source":"custom","content_area_spacing":"none","background":{"background_type":"color","background_pattern":"type-1","background_image":{"attachment_id":null,"x":0,"y":0},"background_repeat":"no-repeat","background_size":"auto","background_attachment":"scroll","patternColor":{"default":{"color":"#e5e7ea"}},"backgroundColor":{"default":{"color":"CT_CSS_SKIP_RULE"}}},"content_background":{"background_type":"color","background_pattern":"type-1","background_image":{"attachment_id":null,"x":0,"y":0},"background_repeat":"no-repeat","background_size":"auto","background_attachment":"scroll","patternColor":{"default":{"color":"#e5e7ea"}},"backgroundColor":{"default":{"color":"#ffffff"}}},"content_boxed_spacing":{"desktop":"40px","tablet":"35px","mobile":"20px"},"content_boxed_radius":{"top":"3px","bottom":"3px","left":"3px","right":"3px","linked":true},"content_boxed_shadow":{"blur":18,"spread":-6,"v_offset":12,"h_offset":0,"inset":false,"enable":true,"color":{"color":"rgba(34, 56, 101, 0.04)"}},"455b585845bc595460a8ab4da84441ee":"","styles_descriptor":{"styles":{"desktop":"","tablet":"","mobile":""},"google_fonts":[],"version":6}},"_links":{"self":[{"href":"https:\/\/nkjurovskidol.si\/index.php?rest_route=\/wp\/v2\/pages\/310","targetHints":{"allow":["GET"]}}],"collection":[{"href":"https:\/\/nkjurovskidol.si\/index.php?rest_route=\/wp\/v2\/pages"}],"about":[{"href":"https:\/\/nkjurovskidol.si\/index.php?rest_route=\/wp\/v2\/types\/page"}],"author":[{"embeddable":true,"href":"https:\/\/nkjurovskidol.si\/index.php?rest_route=\/wp\/v2\/users\/1"}],"replies":[{"embeddable":true,"href":"https:\/\/nkjurovskidol.si\/index.php?rest_route=%2Fwp%2Fv2%2Fcomments&post=310"}],"version-history":[{"count":81,"href":"https:\/\/nkjurovskidol.si\/index.php?rest_route=\/wp\/v2\/pages\/310\/revisions"}],"predecessor-version":[{"id":1347,"href":"https:\/\/nkjurovskidol.si\/index.php?rest_route=\/wp\/v2\/pages\/310\/revisions\/1347"}],"wp:attachment":[{"href":"https:\/\/nkjurovskidol.si\/index.php?rest_route=%2Fwp%2Fv2%2Fmedia&parent=310"}],"curies":[{"name":"wp","href":"https:\/\/api.w.org\/{rel}","templated":true}]}}